{"id":1223,"date":"2025-01-20T21:55:35","date_gmt":"2025-01-20T21:55:35","guid":{"rendered":"https:\/\/www.alhudacibe.com\/dlp\/?page_id=1223"},"modified":"2025-01-20T22:46:44","modified_gmt":"2025-01-20T22:46:44","slug":"cimmf","status":"publish","type":"page","link":"https:\/\/www.alhudacibe.com\/dlp\/cimmf\/","title":{"rendered":"Gestionnaire Certifi\u00e9 en Microfinance Islamique"},"content":{"rendered":"\t\t<div data-elementor-type=\"wp-post\" data-elementor-id=\"1223\" class=\"elementor elementor-1223\">\n\t\t\t\t\t\t<section class=\"elementor-section elementor-top-section elementor-element elementor-element-64cc43f8 elementor-section-boxed elementor-section-height-default elementor-section-height-default\" data-id=\"64cc43f8\" data-element_type=\"section\">\n\t\t\t\t\t\t<div class=\"elementor-container elementor-column-gap-default\">\n\t\t\t\t\t<div class=\"elementor-column elementor-col-100 elementor-top-column elementor-element elementor-element-4f36dee4\" data-id=\"4f36dee4\" data-element_type=\"column\">\n\t\t\t<div class=\"elementor-widget-wrap elementor-element-populated\">\n\t\t\t\t\t\t<div class=\"elementor-element elementor-element-c0fec1b elementor-widget elementor-widget-image\" data-id=\"c0fec1b\" data-element_type=\"widget\" data-widget_type=\"image.default\">\n\t\t\t\t<div class=\"elementor-widget-container\">\n\t\t\t\t\t\t\t\t\t\t\t\t\t\t\t<img fetchpriority=\"high\" decoding=\"async\" width=\"1024\" height=\"468\" src=\"https:\/\/www.alhudacibe.com\/dlp\/wp-content\/uploads\/2019\/01\/islamic-microfinance.jpg\" class=\"attachment-full size-full wp-image-1026\" alt=\"\" srcset=\"https:\/\/www.alhudacibe.com\/dlp\/wp-content\/uploads\/2019\/01\/islamic-microfinance.jpg 1024w, https:\/\/www.alhudacibe.com\/dlp\/wp-content\/uploads\/2019\/01\/islamic-microfinance-300x137.jpg 300w, https:\/\/www.alhudacibe.com\/dlp\/wp-content\/uploads\/2019\/01\/islamic-microfinance-768x351.jpg 768w\" sizes=\"(max-width: 1024px) 100vw, 1024px\" \/>\t\t\t\t\t\t\t\t\t\t\t\t\t\t\t<\/div>\n\t\t\t\t<\/div>\n\t\t\t\t<div class=\"elementor-element elementor-element-9e28ba2 elementor-tabs-view-horizontal elementor-widget elementor-widget-tabs\" data-id=\"9e28ba2\" data-element_type=\"widget\" data-widget_type=\"tabs.default\">\n\t\t\t\t<div class=\"elementor-widget-container\">\n\t\t\t\t\t\t\t<div class=\"elementor-tabs\">\n\t\t\t<div class=\"elementor-tabs-wrapper\" role=\"tablist\" >\n\t\t\t\t\t\t\t\t\t<div id=\"elementor-tab-title-1651\" class=\"elementor-tab-title elementor-tab-desktop-title\" aria-selected=\"true\" data-tab=\"1\" role=\"tab\" tabindex=\"0\" aria-controls=\"elementor-tab-content-1651\" aria-expanded=\"false\">\u00c0 Propos de ce Programme<\/div>\n\t\t\t\t\t\t\t\t\t<div id=\"elementor-tab-title-1652\" class=\"elementor-tab-title elementor-tab-desktop-title\" aria-selected=\"false\" data-tab=\"2\" role=\"tab\" tabindex=\"-1\" aria-controls=\"elementor-tab-content-1652\" aria-expanded=\"false\">Modules et D\u00e9tails de l\u2019\u00e9tude<\/div>\n\t\t\t\t\t\t\t\t\t<div id=\"elementor-tab-title-1653\" class=\"elementor-tab-title elementor-tab-desktop-title\" aria-selected=\"false\" data-tab=\"3\" role=\"tab\" tabindex=\"-1\" aria-controls=\"elementor-tab-content-1653\" aria-expanded=\"false\">Mat\u00e9riel d\u2019\u00c9tude<\/div>\n\t\t\t\t\t\t\t\t\t<div id=\"elementor-tab-title-1654\" class=\"elementor-tab-title elementor-tab-desktop-title\" aria-selected=\"false\" data-tab=\"4\" role=\"tab\" tabindex=\"-1\" aria-controls=\"elementor-tab-content-1654\" aria-expanded=\"false\">T\u00e9l\u00e9charger le Profil<\/div>\n\t\t\t\t\t\t\t<\/div>\n\t\t\t<div class=\"elementor-tabs-content-wrapper\" role=\"tablist\" aria-orientation=\"vertical\">\n\t\t\t\t\t\t\t\t\t<div class=\"elementor-tab-title elementor-tab-mobile-title\" aria-selected=\"true\" data-tab=\"1\" role=\"tab\" tabindex=\"0\" aria-controls=\"elementor-tab-content-1651\" aria-expanded=\"false\">\u00c0 Propos de ce Programme<\/div>\n\t\t\t\t\t<div id=\"elementor-tab-content-1651\" class=\"elementor-tab-content elementor-clearfix\" data-tab=\"1\" role=\"tabpanel\" aria-labelledby=\"elementor-tab-title-1651\" tabindex=\"0\" hidden=\"false\"><h3 style=\"color: #ed8f31;\"><span class=\"main-heading\">Gestionnaire Certifi\u00e9 en Microfinance Islamique<\/span><\/h3><p>Islamique Microfinance est un \u00e9mergeant march\u00e9 dans le champ de islamique finance, donc l\u00e0 est un besoin imm\u00e9diat \u00e0 \u00e9duquer, former et conduire March\u00e9 \u00c9tude et Conscience campagnes sur ce sujet. AlHuda CIBE offres un sp\u00e9cialis\u00e9 complet certificat programme sur islamique Microfinance sur apprentissage \u00e0 distance base. Il est tr\u00e8s structur\u00e9, interactif et de mani\u00e8re innovante con\u00e7u programme sous la surveillance de un panneau de estim\u00e9 Acad\u00e9miciens, Charia Les \u00e9rudits et professionnels \u00e0 assurer mat\u00e9riau de haute qualit\u00e9. Le but de ce cours est \u00e0 fournir p\u00e9dagogique installations et entra\u00eenement \u00e0 le personnes OMS ne peut pas quitter leur foyer ou leur travail avec une opportunit\u00e9 suppl\u00e9mentaire de progresser dans leur \u00e9ducation dans le cadre du syst\u00e8me financier islamique. &#8220;Agr\u00e9\u00e9 islamique Microfinance Directeur&#8221; programme comprend de deux modules, chaque d&#8217;une dur\u00e9e de deux mois. Un solide soutien p\u00e9dagogique fait partie int\u00e9grante de notre syst\u00e8me d&#8217;enseignement \u00e0 distance. Le mat\u00e9riel fourni par le tutoriel s\u00e9ances volont\u00e9 aide le \u00e9tudiants \u00e0 mise \u00e0 jour leur connaissances selon les derniers termes et concepts utilis\u00e9s mondialement dans la microfinance islamique.<\/p><\/div>\n\t\t\t\t\t\t\t\t\t<div class=\"elementor-tab-title elementor-tab-mobile-title\" aria-selected=\"false\" data-tab=\"2\" role=\"tab\" tabindex=\"-1\" aria-controls=\"elementor-tab-content-1652\" aria-expanded=\"false\">Modules et D\u00e9tails de l\u2019\u00e9tude<\/div>\n\t\t\t\t\t<div id=\"elementor-tab-content-1652\" class=\"elementor-tab-content elementor-clearfix\" data-tab=\"2\" role=\"tabpanel\" aria-labelledby=\"elementor-tab-title-1652\" tabindex=\"0\" hidden=\"hidden\"><table border=\"0\" width=\"100%\" cellspacing=\"0\" cellpadding=\"0\"><tbody><tr><td class=\"content-details\"><h3>Gestionnaire Certifi\u00e9 en Microfinance Islamique<\/h3><\/td><\/tr><tr><td class=\"content-details\" height=\"6\">\u00a0<\/td><\/tr><tr><td align=\"left\"><h4>Modules et D\u00e9tails de l\u2019\u00e9tude<\/h4><\/td><\/tr><tr><td class=\"content-details\" height=\"6\">\u00a0<\/td><\/tr><tr><td class=\"content-details\"><p>Pour la r\u00e9ussite de ce dipl\u00f4me, un \u00e9tudiant doit consacrer en moyenne 18 heures par semaine pour l\u2019\u00e9tude et pr\u00e9senter les missions en cons\u00e9quence.<\/p><table border=\"0\" cellspacing=\"5\" cellpadding=\"5\"><tbody><tr><td align=\"left\" valign=\"top\" bgcolor=\"#e5e5e5\" width=\"60%\">Dur\u00e9e en mois:<\/td><td align=\"left\" valign=\"top\" bgcolor=\"#e5e5e5\" width=\"40%\">4 Months<\/td><\/tr><tr><td align=\"left\" valign=\"top\" bgcolor=\"#e5e5e5\">Nombre de modules:<\/td><td align=\"left\" valign=\"top\" bgcolor=\"#e5e5e5\">2<\/td><\/tr><tr><td align=\"left\" valign=\"top\" bgcolor=\"#e5e5e5\">Dur\u00e9e de chaque Modules:<\/td><td align=\"left\" valign=\"top\" bgcolor=\"#e5e5e5\">3<\/td><\/tr><tr><td align=\"left\" valign=\"top\" bgcolor=\"#e5e5e5\">Nombre total de cours:<\/td><td align=\"left\" valign=\"top\" bgcolor=\"#e5e5e5\">8 Cours<\/td><\/tr><tr><td align=\"left\" valign=\"top\" bgcolor=\"#e5e5e5\">Dur\u00e9e en mois:<\/td><td align=\"left\" valign=\"top\" bgcolor=\"#e5e5e5\">6 Mois<\/td><\/tr><\/tbody><\/table><h3><strong>Module I<\/strong><\/h3><h5>Introduction \u00e0 Riba, islamique \u00c9conomie &amp; islamique Microfinance)<\/h5><p><strong><br \/>IB&amp;F: 401: <span style=\"text-decoration: underline;\">Riba &amp;Son Interdiction en Islam<\/span><br \/><\/strong><\/p><ul><li>Qu\u2019appelle t-on Riba (Int\u00e9r\u00eat) ? Prohibition de l\u2019int\u00e9r\u00eat en Islam.<\/li><li>Types of Riba.<br \/><ul><li>Riba tul Nissayah<\/li><li>Riba tul Fadle<\/li><\/ul><\/li><li>Riba Dans le Secteur Bancaire Moderne.<\/li><\/ul><p><strong>IB&amp;F: 402: <span style=\"text-decoration: underline;\">Aper\u00e7u du Syst\u00e8me \u00c9conomique et de Microfinance Islamique<\/span><\/strong><\/p><ul><li>Introduction au Syst\u00e8me d\u2019\u00c9conomie Islamique.<\/li><li>Comparaison du Syst\u00e8me \u00c9conomique Islamique avec le Socialisme et le Capitalisme.<\/li><li>Qu&#8217;est-ce que la Microfinance ? Comment Fonctionne-t -elle ? Ses caract\u00e9ristiques, sa durabilit\u00e9, sa port\u00e9e et les Probl\u00e8mes li\u00e9s \u00e0 ce syst\u00e8me.<\/li><\/ul><p><strong>CIMM : 403 : <span style=\"text-decoration: underline;\">Microfinance Islamique et Son M\u00e9canisme de Produit<\/span><\/strong><\/p><ul><li>La microfinance islamique comme outil efficace de r\u00e9duction de la pauvret\u00e9. M\u00e9canismes des Produits de Microfinance Islamique et Compatibilit\u00e9 avec les Produits Conventionnels de Microfinance.<\/li><li>Modes de Microfinance Islamique Bas\u00e9s sur le Commerce ( Murabahah , Salam, Istisna , etc.)<\/li><li>M\u00e9canisme des Produits Bas\u00e9s sur le Commerce ( Murabahah , Salam et Instisna ), comment ils sont id\u00e9aux pour le Secteur de la Microfinance.<\/li><\/ul><h3><strong>Module II<\/strong><\/h3><h5>(Produits de Microfinance Islamique et MicroTakaful)<\/h5><p><strong><br \/>CIMM : 404: <span style=\"text-decoration: underline;\">Produits de Microfinance Islamique<\/span><br \/><\/strong><\/p><ul><li>Partenariat bas\u00e9 sur la Microfinance Islamique (Mudarabaha &amp; Musharakah)<\/li><li>M\u00e9canismes\/Produits de la Microfinance Islamique Bas\u00e9s sur la location (Ijarah et Musharakah D\u00e9croissante)<\/li><li>Application des modes de Partenariat et de location dans la Microfinance Islamique.<\/li><\/ul><p><strong>CIMM : 405: <span style=\"text-decoration: underline;\">Diff\u00e9rents Mod\u00e8les et Gestion des D\u00e9p\u00f4ts Dans la Microfinance Islamique<\/span><\/strong><\/p><ul><li>D\u00e9finitions, Concepts et Utilisations du Waqf , du Qarz -e-Hassan, des Coop\u00e9ratives et de la Zakat Dans le syst\u00e8me de Microfinance Islamique.<\/li><li>Techniques de Gestion du Passif (D\u00e9p\u00f4t) pour la Microfinance Islamique.<\/li><li>D\u00e9veloppement de Produits des Institutions de Microfinance Islamiques.<\/li><\/ul><p><strong>CIMM : 406: <span style=\"text-decoration: underline;\">Micro Takaful (Micro- Assurance Islamique)<\/span><\/strong><\/p><ul><li>Qu&#8217;est-ce que Micro Takaful ? Comment les produits MicroTakaful fonctionnent avec la Microfinance Islamique.<\/li><li>Structure, Fonctionnement et Performance du Micro Takaful pour la R\u00e9duction de la Pauvret\u00e9.<\/li><li>Opportunit\u00e9s et d\u00e9fis de la Microfinance Islamique.<\/li><\/ul><\/td><\/tr><\/tbody><\/table><\/div>\n\t\t\t\t\t\t\t\t\t<div class=\"elementor-tab-title elementor-tab-mobile-title\" aria-selected=\"false\" data-tab=\"3\" role=\"tab\" tabindex=\"-1\" aria-controls=\"elementor-tab-content-1653\" aria-expanded=\"false\">Mat\u00e9riel d\u2019\u00c9tude<\/div>\n\t\t\t\t\t<div id=\"elementor-tab-content-1653\" class=\"elementor-tab-content elementor-clearfix\" data-tab=\"3\" role=\"tabpanel\" aria-labelledby=\"elementor-tab-title-1653\" tabindex=\"0\" hidden=\"hidden\"><table border=\"0\" width=\"100%\" cellspacing=\"0\" cellpadding=\"0\"><tbody><tr><td class=\"content-details\"><h3>Mat\u00e9riel D\u2019\u00e9tude<\/h3><\/td><\/tr><tr><td class=\"content-details\"><p>Ce cours se compose de quatre modules et chaque module dure 3 mois. Chaque module s\u2019accumule des connaissances du pr\u00e9c\u00e9dent. Vous \u00eates \u00e9valu\u00e9 par \u00e9cris \u00e0 travers des \u00e9preuves, ainsi que des questions \u00e0 choix multiples, sur chaque le\u00e7on.<br \/>Une fois votre inscription valid\u00e9e, une certaines documentation constituant le mat\u00e9riel d\u2019introduction sera mise \u00e0 votre disposition incluant :<\/p><ul><li>Un nom d\u2019utilisateur et un mot de passe pour ouvrir une session dans le l\u2019espace \u00e9tudiant sur le site internet de AlHuda CIBE Site.<\/li><li>Des livres \u00e9lectroniques &amp; pr\u00e9sentations en format PDF.<\/li><li>IB&amp;F CD &amp; pr\u00e9sentations Power Point.<\/li><li>\u00c9tudes de cas r\u00e9solus et non r\u00e9solus.<\/li><li>Livres en format PDF, Liste des r\u00e9f\u00e9rences de livres et de sites connexes.<\/li><li>L\u2019adresse E-mail du Comit\u00e9 consultatif qui vous permettra de communiquer avec les membres du corps professoral.<\/li><\/ul><p>Le mat\u00e9riel d\u2019introduction est un ensemble complet qui comprend des pr\u00e9sentations PowerPoint; des sujets trait\u00e9s sur des th\u00e8mes sp\u00e9cifiques de la finance islamique, des liens web utiles, des magazine et des journaux, des articles et des documents de conf\u00e9rence sur les services bancaires et financiers islamiques ainsi que la liste des livres recommand\u00e9s. Les \u00e9l\u00e8ves utilisent aussi la section Centre de connaissances (www.alhudacibe.com). AlHuda CIBE Site web, Le mat\u00e9riel du module suivant est envoy\u00e9 apr\u00e8s la conclusion positive du pr\u00e9c\u00e9dent module. Les supports mat\u00e9riels seront envoy\u00e9s en forme \u00e9lectronique.<\/p><\/td><\/tr><\/tbody><\/table><\/div>\n\t\t\t\t\t\t\t\t\t<div class=\"elementor-tab-title elementor-tab-mobile-title\" aria-selected=\"false\" data-tab=\"4\" role=\"tab\" tabindex=\"-1\" aria-controls=\"elementor-tab-content-1654\" aria-expanded=\"false\">T\u00e9l\u00e9charger le Profil<\/div>\n\t\t\t\t\t<div id=\"elementor-tab-content-1654\" class=\"elementor-tab-content elementor-clearfix\" data-tab=\"4\" role=\"tabpanel\" aria-labelledby=\"elementor-tab-title-1654\" tabindex=\"0\" hidden=\"hidden\"><p><a class=\"elementor-button-link elementor-button elementor-size-sm\" href=\"http:\/\/www.alhudacibe.com\/dlp\/Certified-Islamic-Microfinance-Manager-French.pdf\" target=\"_blank\" rel=\"noopener\">T\u00e9l\u00e9charger le Profil<\/a><\/p><\/div>\n\t\t\t\t\t\t\t<\/div>\n\t\t<\/div>\n\t\t\t\t\t\t<\/div>\n\t\t\t\t<\/div>\n\t\t\t\t\t<\/div>\n\t\t<\/div>\n\t\t\t\t\t<\/div>\n\t\t<\/section>\n\t\t\t\t<\/div>\n\t\t","protected":false},"excerpt":{"rendered":"<p>\u00c0 Propos de ce Programme Modules et D\u00e9tails de l\u2019\u00e9tude Mat\u00e9riel d\u2019\u00c9tude T\u00e9l\u00e9charger le Profil \u00c0 Propos de ce Programme Gestionnaire Certifi\u00e9 en Microfinance Islamique Islamique Microfinance est un \u00e9mergeant march\u00e9 dans le champ de islamique finance, donc l\u00e0 est un besoin imm\u00e9diat \u00e0 \u00e9duquer, former et conduire March\u00e9 \u00c9tude&hellip;<\/p>\n","protected":false},"author":1,"featured_media":0,"parent":0,"menu_order":0,"comment_status":"closed","ping_status":"closed","template":"","meta":{"footnotes":""},"class_list":["post-1223","page","type-page","status-publish","hentry"],"_links":{"self":[{"href":"https:\/\/www.alhudacibe.com\/dlp\/wp-json\/wp\/v2\/pages\/1223","targetHints":{"allow":["GET"]}}],"collection":[{"href":"https:\/\/www.alhudacibe.com\/dlp\/wp-json\/wp\/v2\/pages"}],"about":[{"href":"https:\/\/www.alhudacibe.com\/dlp\/wp-json\/wp\/v2\/types\/page"}],"author":[{"embeddable":true,"href":"https:\/\/www.alhudacibe.com\/dlp\/wp-json\/wp\/v2\/users\/1"}],"replies":[{"embeddable":true,"href":"https:\/\/www.alhudacibe.com\/dlp\/wp-json\/wp\/v2\/comments?post=1223"}],"version-history":[{"count":4,"href":"https:\/\/www.alhudacibe.com\/dlp\/wp-json\/wp\/v2\/pages\/1223\/revisions"}],"predecessor-version":[{"id":1228,"href":"https:\/\/www.alhudacibe.com\/dlp\/wp-json\/wp\/v2\/pages\/1223\/revisions\/1228"}],"wp:attachment":[{"href":"https:\/\/www.alhudacibe.com\/dlp\/wp-json\/wp\/v2\/media?parent=1223"}],"curies":[{"name":"wp","href":"https:\/\/api.w.org\/{rel}","templated":true}]}}